{"id":846,"date":"2018-08-30T14:37:17","date_gmt":"2018-08-30T17:37:17","guid":{"rendered":"https:\/\/isfdytpirane-for.infd.edu.ar\/sitio\/autoridades\/"},"modified":"2022-03-16T20:00:57","modified_gmt":"2022-03-16T23:00:57","slug":"autoridades","status":"publish","type":"page","link":"https:\/\/isfdytpirane-for.infd.edu.ar\/sitio\/autoridades\/","title":{"rendered":"Autoridades"},"content":{"rendered":"<p style=\"text-align: center;\"><span style=\"font-family: arial,helvetica,sans-serif; color: #cc6600; font-size: 12pt;\"><strong><span style=\"color: #000000;\">Licenciada Delia Mar\u00eda Sosa: <\/span><\/strong><\/span><span style=\"font-family: arial,helvetica,sans-serif; color: #cc6600; font-size: 12pt;\"><strong><span style=\"color: #000000;\">Directora<\/span><\/strong><\/span><\/p>\n<p style=\"text-align: center;\"><span style=\"font-family: arial,helvetica,sans-serif; color: #cc6600; font-size: 12pt;\"><strong><span style=\"color: #000000;\">PROF. Miryan Tellis: <\/span><\/strong><\/span><span style=\"font-family: arial,helvetica,sans-serif; color: #cc6600; font-size: 12pt;\"><strong><span style=\"color: #000000;\">Regente<\/span><\/strong><\/span><\/p>\n<p style=\"text-align: center;\"><span style=\"font-family: arial,helvetica,sans-serif; color: #cc6600; font-size: 12pt;\"><strong><span style=\"color: #000000;\">Sra. Liliana Cardozo Luna: Secretaria Docente<\/span><\/strong><\/span><\/p>\n<p style=\"text-align: center;\"><span style=\"font-family: arial,helvetica,sans-serif; color: #cc6600; font-size: 12pt;\"><strong><span style=\"color: #000000;\">PROF. Francisco R. Gonz\u00e1lez:\u00a0 Coordinador del Profesorado de Educaci\u00f3n Secundaria en F\u00edsica<\/span><\/strong><\/span><\/p>\n<p style=\"text-align: center;\"><span style=\"color: #000000; font-family: arial, helvetica, sans-serif;\"><b>PROF. Nicol\u00e1s Cal\u00e1s Adorno: Coordinador del Prof. en Educaci\u00f3n F\u00edsica<\/b><\/span><\/p>\n<p style=\"text-align: center;\"><span style=\"color: #000000; font-family: arial, helvetica, sans-serif;\"><b> PROF. Miryan Tellis: Coordinadora del Prof. para la Ense\u00f1anza Primaria <\/b><\/span><\/p>\n<p style=\"text-align: center;\"><span style=\"color: #000000; font-family: arial, helvetica, sans-serif;\"><b>PROF. Mariela Esquivel: Coordinadora de la Tecnicatura Superior de Producci\u00f3n Agropecuaria<\/b><\/span><\/p>\n<p style=\"text-align: center;\">\u00a0<\/p>\n\n\n<p><\/p>\n","protected":false},"excerpt":{"rendered":"<p>Licenciada Delia Mar\u00eda Sosa: Directora PROF. Miryan Tellis: Regente Sra. Liliana Cardozo Luna: Secretaria Docente PROF. Francisco R. Gonz\u00e1lez:\u00a0 Coordinador del Profesorado de Educaci\u00f3n Secundaria en F\u00edsica PROF. Nicol\u00e1s Cal\u00e1s Adorno: Coordinador del Prof. en Educaci\u00f3n F\u00edsica PROF. Miryan Tellis: Coordinadora del Prof. para la Ense\u00f1anza Primaria PROF. Mariela Esquivel: Coordinadora de la Tecnicatura Superior &#8230; <a title=\"Autoridades\" class=\"read-more\" href=\"https:\/\/isfdytpirane-for.infd.edu.ar\/sitio\/autoridades\/\" aria-label=\"More on Autoridades\">[+]<\/a><\/p>\n","protected":false},"author":7,"featured_media":0,"parent":0,"menu_order":0,"comment_status":"closed","ping_status":"closed","template":"","meta":[],"acf":[],"_links":{"self":[{"href":"https:\/\/isfdytpirane-for.infd.edu.ar\/sitio\/wp-json\/wp\/v2\/pages\/846"}],"collection":[{"href":"https:\/\/isfdytpirane-for.infd.edu.ar\/sitio\/wp-json\/wp\/v2\/pages"}],"about":[{"href":"https:\/\/isfdytpirane-for.infd.edu.ar\/sitio\/wp-json\/wp\/v2\/types\/page"}],"author":[{"embeddable":true,"href":"https:\/\/isfdytpirane-for.infd.edu.ar\/sitio\/wp-json\/wp\/v2\/users\/7"}],"replies":[{"embeddable":true,"href":"https:\/\/isfdytpirane-for.infd.edu.ar\/sitio\/wp-json\/wp\/v2\/comments?post=846"}],"version-history":[{"count":8,"href":"https:\/\/isfdytpirane-for.infd.edu.ar\/sitio\/wp-json\/wp\/v2\/pages\/846\/revisions"}],"predecessor-version":[{"id":947,"href":"https:\/\/isfdytpirane-for.infd.edu.ar\/sitio\/wp-json\/wp\/v2\/pages\/846\/revisions\/947"}],"wp:attachment":[{"href":"https:\/\/isfdytpirane-for.infd.edu.ar\/sitio\/wp-json\/wp\/v2\/media?parent=846"}],"curies":[{"name":"wp","href":"https:\/\/api.w.org\/{rel}","templated":true}]}}